{"id":993,"date":"2023-11-28T14:51:41","date_gmt":"2023-11-28T11:51:41","guid":{"rendered":"https:\/\/kiire-ehitus.ee\/?page_id=993"},"modified":"2025-05-18T22:16:41","modified_gmt":"2025-05-18T19:16:41","slug":"akende-ja-uste-paigaldus","status":"publish","type":"page","link":"https:\/\/kiire-ehitus.ee\/ru\/akende-ja-uste-paigaldus\/","title":{"rendered":"\u0423\u0441\u0442\u0430\u043d\u043e\u0432\u043a\u0430 \u043e\u043a\u043e\u043d \u0438 \u0434\u0432\u0435\u0440\u0435\u0439"},"content":{"rendered":"<div data-elementor-type=\"wp-page\" data-elementor-id=\"993\" class=\"elementor elementor-993\" data-elementor-post-type=\"page\">\n\t\t\t\t\t\t\t<div class=\"elementor-element elementor-element-aa72841 e-flex e-con-boxed e-con e-parent\" data-id=\"aa72841\" data-element_type=\"container\" data-settings=\"{&quot;background_background&quot;:&quot;classic&quot;,&quot;content_width&quot;:&quot;boxed&quot;}\" data-core-v316-plus=\"true\">\n\t\t\t\t\t<div class=\"e-con-inner\">\n\t\t\t\t<div class=\"elementor-element elementor-element-1085544 elementor-widget__width-inherit elementor-widget elementor-widget-heading\" data-id=\"1085544\" data-element_type=\"widget\" data-widget_type=\"heading.default\">\n\t\t\t\t<div class=\"elementor-widget-container\">\n\t\t\t<style>\/*! elementor - v3.16.0 - 20-09-2023 *\/\n.elementor-heading-title{padding:0;margin:0;line-height:1}.elementor-widget-heading .elementor-heading-title[class*=elementor-size-]>a{color:inherit;font-size:inherit;line-height:inherit}.elementor-widget-heading .elementor-heading-title.elementor-size-small{font-size:15px}.elementor-widget-heading .elementor-heading-title.elementor-size-medium{font-size:19px}.elementor-widget-heading .elementor-heading-title.elementor-size-large{font-size:29px}.elementor-widget-heading .elementor-heading-title.elementor-size-xl{font-size:39px}.elementor-widget-heading .elementor-heading-title.elementor-size-xxl{font-size:59px}<\/style><h1 class=\"elementor-heading-title elementor-size-default\">\u0423\u0421\u0422\u0410\u041d\u041e\u0412\u041a\u0410 \u041e\u041a\u041e\u041d \u0418 \u0414\u0412\u0415\u0420\u0415\u0419<\/h1>\t\t<\/div>\n\t\t\t\t<\/div>\n\t\t\t\t\t<\/div>\n\t\t\t\t<\/div>\n\t\t<div class=\"elementor-element elementor-element-7190bac e-flex e-con-boxed e-con e-parent\" data-id=\"7190bac\" data-element_type=\"container\" data-settings=\"{&quot;content_width&quot;:&quot;boxed&quot;}\" data-core-v316-plus=\"true\">\n\t\t\t\t\t<div class=\"e-con-inner\">\n\t\t\t\t<div class=\"elementor-element elementor-element-741d68c elementor-widget elementor-widget-html\" data-id=\"741d68c\" data-element_type=\"widget\" data-widget_type=\"html.default\">\n\t\t\t\t<div class=\"elementor-widget-container\">\n\t\t\t<div class=\"homepage\">&#8592;<a href=\"\/ru\/\">\u041d\u0430\u0437\u0430\u0434 \u043d\u0430 \u0433\u043b\u0430\u0432\u043d\u0443\u044e<\/a>\t\t<\/div>\n\t\t\t\t<\/div>\n\t\t\t\t\t<\/div>\n\t\t\t\t<\/div>\n\t\t<div class=\"elementor-element elementor-element-f04f3b8 e-flex e-con-boxed e-con e-parent\" data-id=\"f04f3b8\" data-element_type=\"container\" data-settings=\"{&quot;content_width&quot;:&quot;boxed&quot;}\" data-core-v316-plus=\"true\">\n\t\t\t\t\t<div class=\"e-con-inner\">\n\t\t<div class=\"elementor-element elementor-element-4ae655f e-con-full e-flex e-con e-child\" data-id=\"4ae655f\" data-element_type=\"container\" data-settings=\"{&quot;content_width&quot;:&quot;full&quot;}\">\n\t\t\t\t<div class=\"elementor-element elementor-element-0a93c04 elementor-widget elementor-widget-image\" data-id=\"0a93c04\" data-element_type=\"widget\" data-widget_type=\"image.default\">\n\t\t\t\t<div class=\"elementor-widget-container\">\n\t\t\t<style>\/*! elementor - v3.16.0 - 20-09-2023 *\/\n.elementor-widget-image{text-align:center}.elementor-widget-image a{display:inline-block}.elementor-widget-image a img[src$=\".svg\"]{width:48px}.elementor-widget-image img{vertical-align:middle;display:inline-block}<\/style>\t\t\t\t\t\t\t\t\t\t\t\t<img loading=\"lazy\" decoding=\"async\" width=\"768\" height=\"1024\" src=\"https:\/\/kiire-ehitus.ee\/wp-content\/uploads\/2025\/05\/20240412_091406-768x1024.jpg\" class=\"attachment-large size-large wp-image-1230\" alt=\"\" srcset=\"https:\/\/kiire-ehitus.ee\/wp-content\/uploads\/2025\/05\/20240412_091406-768x1024.jpg 768w, https:\/\/kiire-ehitus.ee\/wp-content\/uploads\/2025\/05\/20240412_091406-225x300.jpg 225w, https:\/\/kiire-ehitus.ee\/wp-content\/uploads\/2025\/05\/20240412_091406-1152x1536.jpg 1152w, https:\/\/kiire-ehitus.ee\/wp-content\/uploads\/2025\/05\/20240412_091406-1536x2048.jpg 1536w, https:\/\/kiire-ehitus.ee\/wp-content\/uploads\/2025\/05\/20240412_091406-9x12.jpg 9w, https:\/\/kiire-ehitus.ee\/wp-content\/uploads\/2025\/05\/20240412_091406-scaled.jpg 1920w\" sizes=\"auto, (max-width: 768px) 100vw, 768px\" \/>\t\t\t\t\t\t\t\t\t\t\t\t\t\t\t<\/div>\n\t\t\t\t<\/div>\n\t\t\t\t<\/div>\n\t\t<div class=\"elementor-element elementor-element-4b15a53 e-con-full e-flex e-con e-child\" data-id=\"4b15a53\" data-element_type=\"container\" data-settings=\"{&quot;content_width&quot;:&quot;full&quot;,&quot;background_background&quot;:&quot;classic&quot;}\">\n\t\t\t\t<div class=\"elementor-element elementor-element-5456e70 elementor-widget elementor-widget-text-editor\" data-id=\"5456e70\" data-element_type=\"widget\" data-widget_type=\"text-editor.default\">\n\t\t\t\t<div class=\"elementor-widget-container\">\n\t\t\t<style>\/*! elementor - v3.16.0 - 20-09-2023 *\/\n.elementor-widget-text-editor.elementor-drop-cap-view-stacked .elementor-drop-cap{background-color:#69727d;color:#fff}.elementor-widget-text-editor.elementor-drop-cap-view-framed .elementor-drop-cap{color:#69727d;border:3px solid;background-color:transparent}.elementor-widget-text-editor:not(.elementor-drop-cap-view-default) .elementor-drop-cap{margin-top:8px}.elementor-widget-text-editor:not(.elementor-drop-cap-view-default) .elementor-drop-cap-letter{width:1em;height:1em}.elementor-widget-text-editor .elementor-drop-cap{float:left;text-align:center;line-height:1;font-size:50px}.elementor-widget-text-editor .elementor-drop-cap-letter{display:inline-block}<\/style>\t\t\t\t<p>\u0412\u0435\u0440\u043d\u043e\u0435 \u0440\u0430\u0437\u043c\u0435\u0449\u0435\u043d\u0438\u0435 \u0432\u0445\u043e\u0434\u043d\u043e\u0439 \u0434\u0432\u0435\u0440\u0438 \u0438\u0433\u0440\u0430\u0435\u0442 \u043a\u043b\u044e\u0447\u0435\u0432\u0443\u044e \u0440\u043e\u043b\u044c \u0432 \u043e\u0431\u0435\u0441\u043f\u0435\u0447\u0435\u043d\u0438\u0438 \u0435\u0435 \u0437\u0430\u0449\u0438\u0442\u043d\u044b\u0445, \u0437\u0432\u0443\u043a\u043e- \u0438 \u0442\u0435\u043f\u043b\u043e\u0438\u0437\u043e\u043b\u044f\u0446\u0438\u043e\u043d\u043d\u044b\u0445 \u0445\u0430\u0440\u0430\u043a\u0442\u0435\u0440\u0438\u0441\u0442\u0438\u043a. \u041f\u0440\u043e\u0446\u0435\u0441\u0441 \u043c\u043e\u043d\u0442\u0430\u0436\u0430 \u0432\u0445\u043e\u0434\u043d\u043e\u0439 \u0434\u0432\u0435\u0440\u0438 \u044f\u0432\u043b\u044f\u0435\u0442\u0441\u044f \u0441\u043b\u043e\u0436\u043d\u044b\u043c \u0438 \u0442\u0440\u0435\u0431\u0443\u0435\u0442 \u043f\u0440\u043e\u0444\u0435\u0441\u0441\u0438\u043e\u043d\u0430\u043b\u044c\u043d\u043e\u0433\u043e \u043f\u043e\u0434\u0445\u043e\u0434\u0430. \u041d\u0435\u0431\u0440\u0435\u0436\u043d\u044b\u0435 \u0434\u0435\u0439\u0441\u0442\u0432\u0438\u044f \u043f\u0440\u0438 \u0443\u0441\u0442\u0430\u043d\u043e\u0432\u043a\u0435 \u043c\u043e\u0433\u0443\u0442 \u043d\u0435\u0433\u0430\u0442\u0438\u0432\u043d\u043e \u0441\u043a\u0430\u0437\u0430\u0442\u044c\u0441\u044f \u043d\u0430 \u0435\u0435 \u0441\u0432\u043e\u0439\u0441\u0442\u0432\u0430\u0445, \u0441\u043e\u0437\u0434\u0430\u0432\u0430\u044f \u043f\u0440\u043e\u0431\u043b\u0435\u043c\u044b, \u0442\u0430\u043a\u0438\u0435 \u043a\u0430\u043a \u0441\u043a\u0432\u043e\u0437\u043d\u044f\u043a\u0438 \u0438 \u0443\u0445\u0443\u0434\u0448\u0435\u043d\u0438\u0435 \u0437\u0432\u0443\u043a\u043e\u0438\u0437\u043e\u043b\u044f\u0446\u0438\u0438. \u041d\u0435\u043a\u0430\u0447\u0435\u0441\u0442\u0432\u0435\u043d\u043d\u0430\u044f \u0443\u0441\u0442\u0430\u043d\u043e\u0432\u043a\u0430 \u043c\u043e\u0436\u0435\u0442 \u0434\u0430\u0436\u0435 \u043f\u043e\u0432\u0440\u0435\u0434\u0438\u0442\u044c \u043a\u043e\u043d\u0441\u0442\u0440\u0443\u043a\u0446\u0438\u044e \u0434\u0432\u0435\u0440\u0438, \u043f\u0440\u0435\u0434\u0441\u0442\u0430\u0432\u043b\u044f\u044f \u043f\u043e\u0442\u0435\u043d\u0446\u0438\u0430\u043b\u044c\u043d\u044b\u0435 \u043e\u043f\u0430\u0441\u043d\u043e\u0441\u0442\u0438. \u0418\u0441\u043f\u043e\u043b\u044c\u0437\u043e\u0432\u0430\u043d\u0438\u0435 \u043d\u0435\u0441\u043e\u043e\u0442\u0432\u0435\u0442\u0441\u0442\u0432\u0443\u044e\u0449\u0435\u0439 \u043c\u043e\u043d\u0442\u0430\u0436\u043d\u043e\u0439 \u043f\u0435\u043d\u044b \u0442\u0430\u043a\u0436\u0435 \u043c\u043e\u0436\u0435\u0442 \u043f\u0440\u0438\u0432\u0435\u0441\u0442\u0438 \u043a \u043d\u0435\u043e\u0431\u0440\u0430\u0442\u0438\u043c\u044b\u043c \u043f\u043e\u0441\u043b\u0435\u0434\u0441\u0442\u0432\u0438\u044f\u043c \u0434\u043b\u044f \u0433\u0435\u0440\u043c\u0435\u0442\u0438\u0437\u0430\u0446\u0438\u0438. \u041d\u0430\u0448\u0438 \u043f\u0440\u043e\u0444\u0435\u0441\u0441\u0438\u043e\u043d\u0430\u043b\u044b \u043e\u0431\u043b\u0430\u0434\u0430\u044e\u0442 \u043e\u043f\u044b\u0442\u043e\u043c \u0438 \u0437\u043d\u0430\u043d\u0438\u0435\u043c, \u0447\u0442\u043e\u0431\u044b \u043e\u0431\u0435\u0441\u043f\u0435\u0447\u0438\u0442\u044c \u043f\u0440\u0430\u0432\u0438\u043b\u044c\u043d\u0443\u044e \u0443\u0441\u0442\u0430\u043d\u043e\u0432\u043a\u0443 \u043a\u0430\u043a \u0432\u0445\u043e\u0434\u043d\u044b\u0445, \u0442\u0430\u043a \u0438 \u043c\u0435\u0436\u043a\u043e\u043c\u043d\u0430\u0442\u043d\u044b\u0445 \u0434\u0432\u0435\u0440\u0435\u0439. \u041c\u044b \u043f\u0440\u0435\u0434\u043b\u0430\u0433\u0430\u0435\u043c \u0432\u044b\u0435\u0437\u0434 \u043d\u0430 \u043e\u0431\u044a\u0435\u043a\u0442 \u0434\u043b\u044f \u0437\u0430\u043c\u0435\u0440\u0430, \u0434\u0435\u043c\u043e\u043d\u0442\u0430\u0436 \u0441\u0442\u0430\u0440\u043e\u0439 \u0434\u0432\u0435\u0440\u0438 \u0438 \u0443\u0442\u0438\u043b\u0438\u0437\u0430\u0446\u0438\u044e \u0435\u0435 \u043c\u0430\u0442\u0435\u0440\u0438\u0430\u043b\u043e\u0432, \u043f\u0440\u0435\u0434\u043e\u0441\u0442\u0430\u0432\u043b\u044f\u044f \u0432\u0430\u043c \u0431\u0435\u0437\u0437\u0430\u0431\u043e\u0442\u043d\u043e\u0435 \u043e\u0431\u043d\u043e\u0432\u043b\u0435\u043d\u0438\u0435.<\/p><p>\u041a\u043e\u0433\u0434\u0430 \u0434\u0435\u043b\u043e \u0434\u043e\u0445\u043e\u0434\u0438\u0442 \u0434\u043e \u0443\u0441\u0442\u0430\u043d\u043e\u0432\u043a\u0438 \u043e\u043a\u043e\u043d, \u043c\u044b \u043f\u0440\u0438\u0434\u0435\u0440\u0436\u0438\u0432\u0430\u0435\u043c\u0441\u044f \u0447\u0435\u0442\u043a\u0438\u0445 \u044d\u0442\u0430\u043f\u043e\u0432, \u043d\u0430\u0447\u0438\u043d\u0430\u044f \u0441 \u0442\u0449\u0430\u0442\u0435\u043b\u044c\u043d\u044b\u0445 \u0437\u0430\u043c\u0435\u0440\u043e\u0432 \u043e\u043a\u043e\u043d\u043d\u043e\u0433\u043e \u043f\u0440\u043e\u0435\u043c\u0430. \u0412\u0430\u0436\u043d\u043e, \u0447\u0442\u043e\u0431\u044b \u043a\u043e\u043d\u0441\u0442\u0440\u0443\u043a\u0446\u0438\u044f \u0441\u043e\u043e\u0442\u0432\u0435\u0442\u0441\u0442\u0432\u043e\u0432\u0430\u043b\u0430 \u0440\u0430\u0437\u043c\u0435\u0440\u0430\u043c, \u043f\u0440\u0435\u0434\u043e\u0442\u0432\u0440\u0430\u0449\u0430\u044f \u0434\u043e\u043f\u043e\u043b\u043d\u0438\u0442\u0435\u043b\u044c\u043d\u044b\u0435 \u0437\u0430\u0442\u0440\u0430\u0442\u044b \u043d\u0430 \u0432\u0440\u0435\u043c\u044f \u0438 \u0444\u0438\u043d\u0430\u043d\u0441\u044b. \u0414\u0435\u043c\u043e\u043d\u0442\u0430\u0436 \u0441\u0442\u0430\u0440\u044b\u0445 \u043e\u043a\u043e\u043d \u043e\u0441\u0443\u0449\u0435\u0441\u0442\u0432\u043b\u044f\u0435\u0442\u0441\u044f \u043f\u0435\u0440\u0435\u0434 \u0443\u0441\u0442\u0430\u043d\u043e\u0432\u043a\u043e\u0439 \u043d\u043e\u0432\u044b\u0445, \u0430 \u043f\u043e\u0434\u0433\u043e\u0442\u043e\u0432\u0438\u0442\u0435\u043b\u044c\u043d\u044b\u0439 \u044d\u0442\u0430\u043f \u0432\u043a\u043b\u044e\u0447\u0430\u0435\u0442 \u0432 \u0441\u0435\u0431\u044f \u043e\u0447\u0438\u0441\u0442\u043a\u0443 \u043e\u043a\u043e\u043d\u043d\u043e\u0433\u043e \u043f\u0440\u043e\u0435\u043c\u0430 \u043e\u0442 \u043f\u0440\u0435\u0434\u044b\u0434\u0443\u0449\u0438\u0445 \u043a\u043e\u043d\u0441\u0442\u0440\u0443\u043a\u0446\u0438\u0439. \u041d\u0430\u0448\u0438 \u043f\u0440\u043e\u0444\u0435\u0441\u0441\u0438\u043e\u043d\u0430\u043b\u044b, \u0438\u0441\u043f\u043e\u043b\u044c\u0437\u0443\u044f \u043d\u0435\u043e\u0431\u0445\u043e\u0434\u0438\u043c\u044b\u0435 \u0438\u043d\u0441\u0442\u0440\u0443\u043c\u0435\u043d\u0442\u044b \u0438 \u0441\u043e\u0432\u0440\u0435\u043c\u0435\u043d\u043d\u044b\u0435 \u043c\u0430\u0442\u0435\u0440\u0438\u0430\u043b\u044b, \u0430\u043a\u043a\u0443\u0440\u0430\u0442\u043d\u043e \u0443\u0441\u0442\u0430\u043d\u0430\u0432\u043b\u0438\u0432\u0430\u044e\u0442 \u043d\u043e\u0432\u044b\u0435 \u043e\u043a\u043d\u0430, \u043e\u0431\u0435\u0441\u043f\u0435\u0447\u0438\u0432\u0430\u044f \u043f\u0440\u0430\u0432\u0438\u043b\u044c\u043d\u043e\u0435 \u043f\u0440\u0438\u043c\u0435\u043d\u0435\u043d\u0438\u0435 \u043c\u043e\u043d\u0442\u0430\u0436\u043d\u043e\u0439 \u043f\u0435\u043d\u044b \u0438\u043b\u0438 \u0441\u043f\u0435\u0446\u0438\u0430\u043b\u0438\u0437\u0438\u0440\u043e\u0432\u0430\u043d\u043d\u044b\u0445 \u043c\u0430\u0442\u0435\u0440\u0438\u0430\u043b\u043e\u0432 \u0432 \u0441\u043e\u043e\u0442\u0432\u0435\u0442\u0441\u0442\u0432\u0438\u0438 \u0441 \u0445\u0430\u0440\u0430\u043a\u0442\u0435\u0440\u0438\u0441\u0442\u0438\u043a\u0430\u043c\u0438 \u0437\u0434\u0430\u043d\u0438\u044f. \u041c\u044b \u0442\u0430\u043a\u0436\u0435 \u043f\u0440\u0435\u0434\u043b\u0430\u0433\u0430\u0435\u043c \u0432\u043d\u0443\u0442\u0440\u0435\u043d\u043d\u044e\u044e \u0438 \u043d\u0430\u0440\u0443\u0436\u043d\u0443\u044e \u043e\u0442\u0434\u0435\u043b\u043a\u0443, \u0432\u043a\u043b\u044e\u0447\u0430\u044f \u0443\u0441\u0442\u0430\u043d\u043e\u0432\u043a\u0443 \u043e\u0442\u043a\u043e\u0441\u043e\u0432, \u043f\u043e\u0434\u043e\u043a\u043e\u043d\u043d\u0438\u043a\u043e\u0432 \u0438 \u0432\u043e\u0434\u043e\u0441\u0442\u043e\u043a\u043e\u0432.<\/p><p>\u041d\u0430 \u0440\u044b\u043d\u043a\u0435 \u0441\u0443\u0449\u0435\u0441\u0442\u0432\u0443\u0435\u0442 \u043c\u043d\u043e\u0436\u0435\u0441\u0442\u0432\u043e \u043a\u043e\u043d\u0441\u0442\u0440\u0443\u043a\u0446\u0438\u0439 \u0434\u0432\u0435\u0440\u0435\u0439 \u0438 \u043e\u043a\u043e\u043d \u0441 \u0440\u0430\u0437\u043b\u0438\u0447\u043d\u044b\u043c\u0438 \u0445\u0430\u0440\u0430\u043a\u0442\u0435\u0440\u0438\u0441\u0442\u0438\u043a\u0430\u043c\u0438. \u0415\u0441\u043b\u0438 \u0443 \u0432\u0430\u0441 \u043d\u0435\u0442 \u043e\u043f\u044b\u0442\u0430 \u0432 \u0432\u044b\u0431\u043e\u0440\u0435, \u043e\u0431\u0440\u0430\u0449\u0430\u0439\u0442\u0435\u0441\u044c \u043a \u043d\u0430\u043c. \u041c\u044b \u0433\u0430\u0440\u0430\u043d\u0442\u0438\u0440\u0443\u0435\u043c \u043f\u0440\u043e\u0444\u0435\u0441\u0441\u0438\u043e\u043d\u0430\u043b\u044c\u043d\u044b\u0439 \u043f\u043e\u0434\u0445\u043e\u0434 \u0438 \u043a\u0430\u0447\u0435\u0441\u0442\u0432\u0435\u043d\u043d\u043e\u0435 \u0432\u044b\u043f\u043e\u043b\u043d\u0435\u043d\u0438\u0435 \u0432\u0441\u0435\u0445 \u0440\u0430\u0431\u043e\u0442. \u041e\u0431\u0435\u0441\u043f\u0435\u0447\u044c\u0442\u0435 \u0441\u0432\u043e\u0439 \u0434\u043e\u043c \u043d\u0430\u0434\u0435\u0436\u043d\u043e\u0439 \u0437\u0430\u0449\u0438\u0442\u043e\u0439 \u0438 \u043a\u043e\u043c\u0444\u043e\u0440\u0442\u043e\u043c \u0441 \u043d\u0430\u0448\u0438\u043c\u0438 \u0443\u0441\u043b\u0443\u0433\u0430\u043c\u0438 \u043f\u043e \u0443\u0441\u0442\u0430\u043d\u043e\u0432\u043a\u0435 \u0434\u0432\u0435\u0440\u0435\u0439 \u0438 \u043e\u043a\u043e\u043d.<\/p>\t\t\t\t\t\t<\/div>\n\t\t\t\t<\/div>\n\t\t\t\t<\/div>\n\t\t\t\t\t<\/div>\n\t\t\t\t<\/div>\n\t\t<div class=\"elementor-element elementor-element-cc04628 e-flex e-con-boxed e-con e-parent\" data-id=\"cc04628\" data-element_type=\"container\" data-settings=\"{&quot;content_width&quot;:&quot;boxed&quot;}\" data-core-v316-plus=\"true\">\n\t\t\t\t\t<div class=\"e-con-inner\">\n\t\t\t\t<div class=\"elementor-element elementor-element-2e92c0f elementor-widget elementor-widget-gallery\" data-id=\"2e92c0f\" data-element_type=\"widget\" data-settings=\"{&quot;lazyload&quot;:&quot;yes&quot;,&quot;gallery_layout&quot;:&quot;grid&quot;,&quot;columns&quot;:4,&quot;columns_tablet&quot;:2,&quot;columns_mobile&quot;:1,&quot;gap&quot;:{&quot;unit&quot;:&quot;px&quot;,&quot;size&quot;:10,&quot;sizes&quot;:[]},&quot;gap_tablet&quot;:{&quot;unit&quot;:&quot;px&quot;,&quot;size&quot;:10,&quot;sizes&quot;:[]},&quot;gap_mobile&quot;:{&quot;unit&quot;:&quot;px&quot;,&quot;size&quot;:10,&quot;sizes&quot;:[]},&quot;link_to&quot;:&quot;file&quot;,&quot;aspect_ratio&quot;:&quot;3:2&quot;,&quot;overlay_background&quot;:&quot;yes&quot;,&quot;content_hover_animation&quot;:&quot;fade-in&quot;}\" data-widget_type=\"gallery.default\">\n\t\t\t\t<div class=\"elementor-widget-container\">\n\t\t\t<style>\/*! elementor-pro - v3.16.0 - 20-09-2023 *\/\n.elementor-gallery__container{min-height:1px}.elementor-gallery-item{position:relative;overflow:hidden;display:block;text-decoration:none;border:solid var(--image-border-width) var(--image-border-color);border-radius:var(--image-border-radius)}.elementor-gallery-item__content,.elementor-gallery-item__overlay{height:100%;width:100%;position:absolute;top:0;left:0}.elementor-gallery-item__overlay{mix-blend-mode:var(--overlay-mix-blend-mode);transition-duration:var(--overlay-transition-duration);transition-property:mix-blend-mode,transform,opacity,background-color}.elementor-gallery-item__image.e-gallery-image{transition-duration:var(--image-transition-duration);transition-property:filter,transform}.elementor-gallery-item__content{display:flex;flex-direction:column;justify-content:var(--content-justify-content,center);align-items:center;text-align:var(--content-text-align);padding:var(--content-padding)}.elementor-gallery-item__content>div{transition-duration:var(--content-transition-duration)}.elementor-gallery-item__content.elementor-gallery--sequenced-animation>div:nth-child(2){transition-delay:calc(var(--content-transition-delay) \/ 3)}.elementor-gallery-item__content.elementor-gallery--sequenced-animation>div:nth-child(3){transition-delay:calc(var(--content-transition-delay) \/ 3 * 2)}.elementor-gallery-item__content.elementor-gallery--sequenced-animation>div:nth-child(4){transition-delay:calc(var(--content-transition-delay) \/ 3 * 3)}.elementor-gallery-item__description{color:var(--description-text-color,#fff);width:100%}.elementor-gallery-item__title{color:var(--title-text-color,#fff);font-weight:700;width:100%}.elementor-gallery__titles-container{display:flex;flex-wrap:wrap;justify-content:var(--titles-container-justify-content,center);margin-bottom:20px}.elementor-gallery__titles-container:not(.e--pointer-framed) .elementor-item:after,.elementor-gallery__titles-container:not(.e--pointer-framed) .elementor-item:before{background-color:var(--galleries-pointer-bg-color-hover)}.elementor-gallery__titles-container:not(.e--pointer-framed) .elementor-item.elementor-item-active:after,.elementor-gallery__titles-container:not(.e--pointer-framed) .elementor-item.elementor-item-active:before{background-color:var(--galleries-pointer-bg-color-active)}.elementor-gallery__titles-container.e--pointer-framed .elementor-item:before{border-color:var(--galleries-pointer-bg-color-hover);border-width:var(--galleries-pointer-border-width)}.elementor-gallery__titles-container.e--pointer-framed .elementor-item:after{border-color:var(--galleries-pointer-bg-color-hover)}.elementor-gallery__titles-container.e--pointer-framed .elementor-item.elementor-item-active:after,.elementor-gallery__titles-container.e--pointer-framed .elementor-item.elementor-item-active:before{border-color:var(--galleries-pointer-bg-color-active)}.elementor-gallery__titles-container.e--pointer-framed.e--animation-draw .elementor-item:before{border-left-width:var(--galleries-pointer-border-width);border-bottom-width:var(--galleries-pointer-border-width);border-right-width:0;border-top-width:0}.elementor-gallery__titles-container.e--pointer-framed.e--animation-draw .elementor-item:after{border-left-width:0;border-bottom-width:0;border-right-width:var(--galleries-pointer-border-width);border-top-width:var(--galleries-pointer-border-width)}.elementor-gallery__titles-container.e--pointer-framed.e--animation-corners .elementor-item:before{border-left-width:var(--galleries-pointer-border-width);border-bottom-width:0;border-right-width:0;border-top-width:var(--galleries-pointer-border-width)}.elementor-gallery__titles-container.e--pointer-framed.e--animation-corners .elementor-item:after{border-left-width:0;border-bottom-width:var(--galleries-pointer-border-width);border-right-width:var(--galleries-pointer-border-width);border-top-width:0}.elementor-gallery__titles-container .e--pointer-double-line .elementor-item:after,.elementor-gallery__titles-container .e--pointer-double-line .elementor-item:before,.elementor-gallery__titles-container .e--pointer-overline .elementor-item:before,.elementor-gallery__titles-container .e--pointer-underline .elementor-item:after{height:var(--galleries-pointer-border-width)}.elementor-gallery-title{--space-between:10px;cursor:pointer;color:#6d7882;font-weight:500;position:relative;padding:7px 14px;transition:all .3s}.elementor-gallery-title--active{color:#495157}.elementor-gallery-title:not(:last-child){margin-right:var(--space-between)}.elementor-gallery-item__title+.elementor-gallery-item__description{margin-top:var(--description-margin-top)}.e-gallery-item.elementor-gallery-item{transition-property:all}.e-gallery-item.elementor-animated-content .elementor-animated-item--enter-from-bottom,.e-gallery-item.elementor-animated-content .elementor-animated-item--enter-from-left,.e-gallery-item.elementor-animated-content .elementor-animated-item--enter-from-right,.e-gallery-item.elementor-animated-content .elementor-animated-item--enter-from-top,.e-gallery-item:focus .elementor-gallery__item-overlay-bg,.e-gallery-item:focus .elementor-gallery__item-overlay-content,.e-gallery-item:focus .elementor-gallery__item-overlay-content__description,.e-gallery-item:focus .elementor-gallery__item-overlay-content__title,.e-gallery-item:hover .elementor-gallery__item-overlay-bg,.e-gallery-item:hover .elementor-gallery__item-overlay-content,.e-gallery-item:hover .elementor-gallery__item-overlay-content__description,.e-gallery-item:hover .elementor-gallery__item-overlay-content__title{opacity:1}a.elementor-item.elementor-gallery-title{color:var(--galleries-title-color-normal)}a.elementor-item.elementor-gallery-title.elementor-item-active,a.elementor-item.elementor-gallery-title.highlighted,a.elementor-item.elementor-gallery-title:focus,a.elementor-item.elementor-gallery-title:hover{color:var(--galleries-title-color-hover)}a.elementor-item.elementor-gallery-title.elementor-item-active{color:var(--gallery-title-color-active)}.e-con-inner>.elementor-widget-gallery,.e-con>.elementor-widget-gallery{width:var(--container-widget-width);--flex-grow:var(--container-widget-flex-grow)}<\/style>\t\t<div class=\"elementor-gallery__container\">\n\t\t\t\t\t\t\t<a class=\"e-gallery-item elementor-gallery-item elementor-animated-content\" href=\"https:\/\/kiire-ehitus.ee\/wp-content\/uploads\/2025\/05\/20241101_125212-scaled.jpg\" data-elementor-open-lightbox=\"yes\" data-elementor-lightbox-slideshow=\"2e92c0f\" data-elementor-lightbox-title=\"20241101_125212\" data-e-action-hash=\"#elementor-action%3Aaction%3Dlightbox%26settings%3DeyJpZCI6MTIyNiwidXJsIjoiaHR0cHM6XC9cL2tpaXJlLWVoaXR1cy5lZVwvd3AtY29udGVudFwvdXBsb2Fkc1wvMjAyNVwvMDVcLzIwMjQxMTAxXzEyNTIxMi1zY2FsZWQuanBnIiwic2xpZGVzaG93IjoiMmU5MmMwZiJ9\">\n\t\t\t\t\t<div class=\"e-gallery-image elementor-gallery-item__image\" data-thumbnail=\"https:\/\/kiire-ehitus.ee\/wp-content\/uploads\/2025\/05\/20241101_125212-300x225.jpg\" data-width=\"300\" data-height=\"225\" aria-label=\"\" role=\"img\" ><\/div>\n\t\t\t\t\t\t\t\t\t\t\t<div class=\"elementor-gallery-item__overlay\"><\/div>\n\t\t\t\t\t\t\t\t\t\t\t\t\t\t<\/a>\n\t\t\t\t\t\t\t<a class=\"e-gallery-item elementor-gallery-item elementor-animated-content\" href=\"https:\/\/kiire-ehitus.ee\/wp-content\/uploads\/2025\/05\/20241101_143223-scaled.jpg\" data-elementor-open-lightbox=\"yes\" data-elementor-lightbox-slideshow=\"2e92c0f\" data-elementor-lightbox-title=\"20241101_143223\" data-e-action-hash=\"#elementor-action%3Aaction%3Dlightbox%26settings%3DeyJpZCI6MTIzMSwidXJsIjoiaHR0cHM6XC9cL2tpaXJlLWVoaXR1cy5lZVwvd3AtY29udGVudFwvdXBsb2Fkc1wvMjAyNVwvMDVcLzIwMjQxMTAxXzE0MzIyMy1zY2FsZWQuanBnIiwic2xpZGVzaG93IjoiMmU5MmMwZiJ9\">\n\t\t\t\t\t<div class=\"e-gallery-image elementor-gallery-item__image\" data-thumbnail=\"https:\/\/kiire-ehitus.ee\/wp-content\/uploads\/2025\/05\/20241101_143223-300x225.jpg\" data-width=\"300\" data-height=\"225\" aria-label=\"\" role=\"img\" ><\/div>\n\t\t\t\t\t\t\t\t\t\t\t<div class=\"elementor-gallery-item__overlay\"><\/div>\n\t\t\t\t\t\t\t\t\t\t\t\t\t\t<\/a>\n\t\t\t\t\t<\/div>\n\t\t\t<\/div>\n\t\t\t\t<\/div>\n\t\t\t\t\t<\/div>\n\t\t\t\t<\/div>\n\t\t\t\t\t\t\t<\/div>","protected":false},"excerpt":{"rendered":"<p>AKENDE JA USTE PAIGALDUS &#8592;Tagasi avalehele V\u00e4lisukse \u00f5igel paigutusel on v\u00f5tmeroll selle turvalisuse, heli- ja soojusisolatsiooni omaduste tagamisel. Sissep\u00e4\u00e4suukse paigaldamise protsess on keeruline ja n\u00f5uab professionaalset l\u00e4henemist. Hooletu paigaldamine v\u00f5ib selle omadusi negatiivselt m\u00f5jutada, tekitades probleeme, nagu tuulet\u00f5mbus ja halb heliisolatsioon. Halb paigaldus v\u00f5ib isegi kahjustada ukse konstruktsiooni, tekitades potentsiaalseid ohte. Sobimatu vahu kasutamine v\u00f5ib [&hellip;]<\/p>","protected":false},"author":1,"featured_media":0,"parent":0,"menu_order":0,"comment_status":"closed","ping_status":"closed","template":"","meta":{"footnotes":""},"class_list":["post-993","page","type-page","status-publish","hentry"],"_links":{"self":[{"href":"https:\/\/kiire-ehitus.ee\/ru\/wp-json\/wp\/v2\/pages\/993","targetHints":{"allow":["GET"]}}],"collection":[{"href":"https:\/\/kiire-ehitus.ee\/ru\/wp-json\/wp\/v2\/pages"}],"about":[{"href":"https:\/\/kiire-ehitus.ee\/ru\/wp-json\/wp\/v2\/types\/page"}],"author":[{"embeddable":true,"href":"https:\/\/kiire-ehitus.ee\/ru\/wp-json\/wp\/v2\/users\/1"}],"replies":[{"embeddable":true,"href":"https:\/\/kiire-ehitus.ee\/ru\/wp-json\/wp\/v2\/comments?post=993"}],"version-history":[{"count":43,"href":"https:\/\/kiire-ehitus.ee\/ru\/wp-json\/wp\/v2\/pages\/993\/revisions"}],"predecessor-version":[{"id":1354,"href":"https:\/\/kiire-ehitus.ee\/ru\/wp-json\/wp\/v2\/pages\/993\/revisions\/1354"}],"wp:attachment":[{"href":"https:\/\/kiire-ehitus.ee\/ru\/wp-json\/wp\/v2\/media?parent=993"}],"curies":[{"name":"wp","href":"https:\/\/api.w.org\/{rel}","templated":true}]}}